{"id":455,"date":"2019-06-04T01:09:43","date_gmt":"2019-06-04T01:09:43","guid":{"rendered":"https:\/\/cafepasquini.com\/?post_type=product&#038;p=455"},"modified":"2019-06-04T01:17:23","modified_gmt":"2019-06-04T01:17:23","slug":"tes-en-sobre","status":"publish","type":"product","link":"https:\/\/cafepasquini.com\/index.php\/product\/tes-en-sobre\/","title":{"rendered":"T\u00e9s en Sobre"},"content":{"rendered":"<ul>\n<li>T\u00e9 Verde 30 Pzas.<\/li>\n<li>T\u00e9 Peppermint 30 Pzas.<\/li>\n<li>T\u00e9 English Breakfast 30 Pzas.<\/li>\n<li>T\u00e9 Chai Spice 30 Pzas.<\/li>\n<li>T\u00e9 Earl Grey 30 Pzas.<\/li>\n<li>T\u00e9 Manzanilla 30 Pzas.<\/li>\n<\/ul>\n","protected":false},"excerpt":{"rendered":"<p>T\u00e9 Verde 30 Pzas. T\u00e9 Peppermint 30 Pzas. T\u00e9 English Breakfast 30 Pzas. T\u00e9 Chai Spice 30 Pzas. T\u00e9 Earl Grey 30 Pzas. T\u00e9 Manzanilla 30 Pzas.<\/p>\n","protected":false},"featured_media":456,"template":"","meta":[],"product_brand":[],"product_cat":[26],"product_tag":[],"class_list":{"0":"post-455","1":"product","2":"type-product","3":"status-publish","4":"has-post-thumbnail","6":"product_cat-tes","8":"first","9":"instock","10":"shipping-taxable","11":"product-type-simple"},"_links":{"self":[{"href":"https:\/\/cafepasquini.com\/index.php\/wp-json\/wp\/v2\/product\/455","targetHints":{"allow":["GET"]}}],"collection":[{"href":"https:\/\/cafepasquini.com\/index.php\/wp-json\/wp\/v2\/product"}],"about":[{"href":"https:\/\/cafepasquini.com\/index.php\/wp-json\/wp\/v2\/types\/product"}],"wp:featuredmedia":[{"embeddable":true,"href":"https:\/\/cafepasquini.com\/index.php\/wp-json\/wp\/v2\/media\/456"}],"wp:attachment":[{"href":"https:\/\/cafepasquini.com\/index.php\/wp-json\/wp\/v2\/media?parent=455"}],"wp:term":[{"taxonomy":"product_brand","embeddable":true,"href":"https:\/\/cafepasquini.com\/index.php\/wp-json\/wp\/v2\/product_brand?post=455"},{"taxonomy":"product_cat","embeddable":true,"href":"https:\/\/cafepasquini.com\/index.php\/wp-json\/wp\/v2\/product_cat?post=455"},{"taxonomy":"product_tag","embeddable":true,"href":"https:\/\/cafepasquini.com\/index.php\/wp-json\/wp\/v2\/product_tag?post=455"}],"curies":[{"name":"wp","href":"https:\/\/api.w.org\/{rel}","templated":true}]}}