{"id":453,"date":"2019-06-04T01:05:01","date_gmt":"2019-06-04T01:05:01","guid":{"rendered":"https:\/\/cafepasquini.com\/?post_type=product&#038;p=453"},"modified":"2019-06-04T01:06:00","modified_gmt":"2019-06-04T01:06:00","slug":"infusiones-herbales","status":"publish","type":"product","link":"https:\/\/cafepasquini.com\/index.php\/product\/infusiones-herbales\/","title":{"rendered":"Infusiones Herbales"},"content":{"rendered":"<ul>\n<li>T\u00e9 Herbal Blend<\/li>\n<li>T\u00e9 Herbal Chai Especias<\/li>\n<li>T\u00e9 Herbal Hierbabuena<\/li>\n<li>T\u00e9 Herbal Jazmin<\/li>\n<li>T\u00e9 Herbal Lim\u00f3n Tropical<\/li>\n<li>T\u00e9 \u00a0Herbal Menta<\/li>\n<li>T\u00e9 Herbal Manzanilla<\/li>\n<li>T\u00e9 Herbal Mezcla Relajante<\/li>\n<li>T\u00e9 Hierbal Verde<\/li>\n<\/ul>\n","protected":false},"excerpt":{"rendered":"<p>T\u00e9 Herbal Blend T\u00e9 Herbal Chai Especias T\u00e9 Herbal Hierbabuena T\u00e9 Herbal Jazmin T\u00e9 Herbal Lim\u00f3n Tropical T\u00e9 \u00a0Herbal Menta T\u00e9 Herbal Manzanilla T\u00e9 Herbal Mezcla Relajante T\u00e9 Hierbal Verde<\/p>\n","protected":false},"featured_media":454,"template":"","meta":[],"product_brand":[],"product_cat":[26],"product_tag":[],"class_list":{"0":"post-453","1":"product","2":"type-product","3":"status-publish","4":"has-post-thumbnail","6":"product_cat-tes","8":"first","9":"instock","10":"shipping-taxable","11":"product-type-simple"},"_links":{"self":[{"href":"https:\/\/cafepasquini.com\/index.php\/wp-json\/wp\/v2\/product\/453","targetHints":{"allow":["GET"]}}],"collection":[{"href":"https:\/\/cafepasquini.com\/index.php\/wp-json\/wp\/v2\/product"}],"about":[{"href":"https:\/\/cafepasquini.com\/index.php\/wp-json\/wp\/v2\/types\/product"}],"wp:featuredmedia":[{"embeddable":true,"href":"https:\/\/cafepasquini.com\/index.php\/wp-json\/wp\/v2\/media\/454"}],"wp:attachment":[{"href":"https:\/\/cafepasquini.com\/index.php\/wp-json\/wp\/v2\/media?parent=453"}],"wp:term":[{"taxonomy":"product_brand","embeddable":true,"href":"https:\/\/cafepasquini.com\/index.php\/wp-json\/wp\/v2\/product_brand?post=453"},{"taxonomy":"product_cat","embeddable":true,"href":"https:\/\/cafepasquini.com\/index.php\/wp-json\/wp\/v2\/product_cat?post=453"},{"taxonomy":"product_tag","embeddable":true,"href":"https:\/\/cafepasquini.com\/index.php\/wp-json\/wp\/v2\/product_tag?post=453"}],"curies":[{"name":"wp","href":"https:\/\/api.w.org\/{rel}","templated":true}]}}