{"id":302,"date":"2019-05-24T19:25:49","date_gmt":"2019-05-24T19:25:49","guid":{"rendered":"https:\/\/cafepasquini.com\/?post_type=product&#038;p=302"},"modified":"2019-06-04T03:26:21","modified_gmt":"2019-06-04T03:26:21","slug":"302","status":"publish","type":"product","link":"https:\/\/cafepasquini.com\/index.php\/product\/302\/","title":{"rendered":"Desechables Biodegradables"},"content":{"rendered":"<ul>\n<li>Popote Biodegradable<\/li>\n<li>Tenedor Pl\u00e1stico Biodegradable 100 Pz.<\/li>\n<li>Cuchillo Pl\u00e1stico Biodegradable 100 Pz.<\/li>\n<li>Cuchara Sopera Biodegradable 100 Pz.<\/li>\n<li>Cuchara Pl\u00e1stico Biodegradable 100 Pz.<\/li>\n<li>Plato Bowl 12 Oz Biodegradable 20 Pz.<\/li>\n<\/ul>\n<p>Y m\u00e1s productos.<\/p>\n","protected":false},"excerpt":{"rendered":"<p>Popote Biodegradable Tenedor Pl\u00e1stico Biodegradable 100 Pz. Cuchillo Pl\u00e1stico Biodegradable 100 Pz. Cuchara Sopera Biodegradable 100 Pz. Cuchara Pl\u00e1stico Biodegradable 100 Pz. Plato Bowl 12 Oz Biodegradable 20 Pz. Y m\u00e1s productos.<\/p>\n","protected":false},"featured_media":303,"template":"","meta":[],"product_brand":[],"product_cat":[25],"product_tag":[],"class_list":{"0":"post-302","1":"product","2":"type-product","3":"status-publish","4":"has-post-thumbnail","6":"product_cat-desechables-biodegradables","8":"first","9":"instock","10":"shipping-taxable","11":"product-type-simple"},"_links":{"self":[{"href":"https:\/\/cafepasquini.com\/index.php\/wp-json\/wp\/v2\/product\/302","targetHints":{"allow":["GET"]}}],"collection":[{"href":"https:\/\/cafepasquini.com\/index.php\/wp-json\/wp\/v2\/product"}],"about":[{"href":"https:\/\/cafepasquini.com\/index.php\/wp-json\/wp\/v2\/types\/product"}],"wp:featuredmedia":[{"embeddable":true,"href":"https:\/\/cafepasquini.com\/index.php\/wp-json\/wp\/v2\/media\/303"}],"wp:attachment":[{"href":"https:\/\/cafepasquini.com\/index.php\/wp-json\/wp\/v2\/media?parent=302"}],"wp:term":[{"taxonomy":"product_brand","embeddable":true,"href":"https:\/\/cafepasquini.com\/index.php\/wp-json\/wp\/v2\/product_brand?post=302"},{"taxonomy":"product_cat","embeddable":true,"href":"https:\/\/cafepasquini.com\/index.php\/wp-json\/wp\/v2\/product_cat?post=302"},{"taxonomy":"product_tag","embeddable":true,"href":"https:\/\/cafepasquini.com\/index.php\/wp-json\/wp\/v2\/product_tag?post=302"}],"curies":[{"name":"wp","href":"https:\/\/api.w.org\/{rel}","templated":true}]}}