{"id":299,"date":"2019-05-24T19:14:36","date_gmt":"2019-05-24T19:14:36","guid":{"rendered":"https:\/\/cafepasquini.com\/?post_type=product&#038;p=299"},"modified":"2019-07-08T21:14:23","modified_gmt":"2019-07-08T21:14:23","slug":"desechables-regulares","status":"publish","type":"product","link":"https:\/\/cafepasquini.com\/index.php\/product\/desechables-regulares\/","title":{"rendered":"Desechables regulares"},"content":{"rendered":"<p><strong>Productos: Vasos<\/strong><\/p>\n<ul>\n<li>Vaso De Cart\u00f3n Encerado 12oz 50 Pz.<\/li>\n<li>Vaso Pl\u00e1stico 10oz 50 Pz.<\/li>\n<li>Vaso Foam 10oz 50 Pz.<\/li>\n<li>Vaso Pl\u00e1stico 12oz 50 Pz.<\/li>\n<li>Vaso Foam Dart 14 Oz 25 Pz.<\/li>\n<li>Vaso De Cart\u00f3n Blanco 20oz 50 Pz.<\/li>\n<li>Vaso Bajo 3.2oz Natural Jaguar 50 Pz.<\/li>\n<li>Vaso T\u00e9rmico 12oz Dart 25 Pz.<\/li>\n<li>Vaso Foam 16 Oz Bajo Pqt 25 Pz.<\/li>\n<li>Vaso Foam Wincup 12oz 25 Pz.<\/li>\n<li>Vaso Cristalino 9oz 50 Pz.<\/li>\n<li>Vaso Pl\u00e1stico Karat 1oz 50 Pz.<\/li>\n<li>Vaso Pl\u00e1stico Irrompible 14 Oz 50 Pz.<\/li>\n<li>Vaso Cart\u00f3n 20oz 40 Pz.<\/li>\n<\/ul>\n<p>&nbsp;<\/p>\n<p><strong>Productos: Tapas<\/strong><\/p>\n<ul>\n<li>Tapa P\/Vaso Foam De 10oz 100 Pz.<\/li>\n<li>Tapa C\/Respiradero 10oz 100 Pz.<\/li>\n<li>Tapa P\/Vaso Foam 12oz 100 Pz.<\/li>\n<li>Tapa Plast. C\/Solapa 12oz 100 Pz.<\/li>\n<li>Tapa 16ftls Dart 100 Pz.<\/li>\n<li>Tapa Lisa P\/Vaso Foam 16oz 100 Pz.<\/li>\n<li>Tapa Popote P\/J16, J20 100 Pz.<\/li>\n<li>Tapa Sorbo 16oz 100 Pz.<\/li>\n<li>Tapa Lisa P\/Envase J20 100 Pz.<\/li>\n<li>Tapa Para Vaso Foam Dart J32 100 Pz.<\/li>\n<li>Tapa P\/Vaso Foam 8oz 50 Pz.<\/li>\n<li>Tapa P\/Envase Foam 4oz 50 Pz.<\/li>\n<li>Tapa P\/Vaso Foam 8oz<\/li>\n<\/ul>\n<p>&nbsp;<\/p>\n<p><strong>Productos: Popotes<\/strong><\/p>\n<ul>\n<li>Popote Removedor De Madera 7.5 500 Pz.<\/li>\n<li>Popote Cuchara Desenv 10 1\/4<\/li>\n<li>Popote Negro Envuelto De 7.75 300 Pz.<\/li>\n<li>Popote Cuchara 8 1\/4 C\/300<\/li>\n<li>Popote Pl\u00e1stico 7.75\u00bb Envuelto Transparente<\/li>\n<li>Popote De Papel Jumbo Envuelto C\/500<\/li>\n<li>Popote De Papel Gigante Envuelto C\/500<\/li>\n<li>Popote Plastico 7.75&#8243; Jumbo Rojo\/Bco Envuelto C\/500<\/li>\n<li>Popote Biodegradable C\/500pzs<\/li>\n<li>Popote Plastico 7.75 Desen-Transl. C\/50<\/li>\n<\/ul>\n<p>&nbsp;<\/p>\n<p><strong>Productos: Mangas, Contenedores y Servilletas<\/strong><\/p>\n<ul>\n<li>Manga Protectora De Cart\u00f3n 100 Pz.<\/li>\n<li>Manga Protectora De Cart\u00f3n C\/Logo 1000 Pz.<\/li>\n<li>Manga Protectora De Cart\u00f3n Natural 100 Pz.<\/li>\n<li>Contenedor Cristalino 8&#215;8 200 Pz.<\/li>\n<li>Contenedor Crist 6&#215;6 125 Pz.<\/li>\n<li>Contenedor Cristalino 9x6x2.5 Liso 100 Pz.<\/li>\n<li>Triangulo Cristalino P\/Pay #9 C\/8-63<\/li>\n<li>Almeja Term 6&#215;6 P\/Hamburguesa 125 Pz.<\/li>\n<li>Servilleta Restaurantera Doblada 625 Pz.<\/li>\n<li>Caja Kit Cubiertos\/Servilletas\/ S Y P 250 Pz.<\/li>\n<li>Revolvedor Pl\u00e1stico 5-1\/4 1000 Pz.<\/li>\n<\/ul>\n<p><strong>Productos: Platos, Cucharas y Tenedores<\/strong><\/p>\n<ul>\n<li>Tenedor Mediano Blanco 100 Pz.<\/li>\n<li>Cuchillo Mediano Blanco 100 Pz.<\/li>\n<li>Cuchara Mediana Blanca 100 Pz.<\/li>\n<li>Cuchara Plast. Sopera 100 Pz.<\/li>\n<li>Cuchara Ch. P\/Cafe 50 Pz.<\/li>\n<li>Plato Compostable 6&#8243; Karat 50 Pz.<\/li>\n<li>Plato Compostable 9&#8243; Liso Karat 50 Pz.<\/li>\n<li>Plato Foam #9 C\/Div Paq 20 Pz.<\/li>\n<li>Plato Foam #9 Liso Paq 20 Pz.<\/li>\n<li>Plato Foam Pastelero #6 Paq 20 Pz.<\/li>\n<li>Charola T\u00e9rmica 6&#215;6 Paq 20 Pz.<\/li>\n<li>Plato Foam T\/Charola 855 20 Pz.<\/li>\n<li>Plato Foam Hondo Chico 12oz Paq 20 Pz.<\/li>\n<li>Plato Foam Hondo Grande 30oz Paq 20 Pz.<\/li>\n<\/ul>\n<p>&nbsp;<\/p>\n<p><strong>Productos: Filtros<\/strong><\/p>\n<ul>\n<li>Filtros De Papel 12tz Caja C\/12 De 100 Pz.<\/li>\n<li>Filtro De Papel 6 Gal 250 Pz.<\/li>\n<li>Filtro Para Cafeter\u00eda Bunn 12 Tz<\/li>\n<li>Filtro De Papel 3gal 250 Pz.<\/li>\n<li>Filtro De Papel 1.5 Gal C\/504 (Bunn)<\/li>\n<\/ul>\n<p>Conoce m\u00e1s productos de nuestra categor\u00eda de vasos<br \/>\nmarcando a nuestros tel\u00e9fonos.<\/p>\n","protected":false},"excerpt":{"rendered":"<p>Productos: Vasos Vaso De Cart\u00f3n Encerado 12oz 50 Pz. Vaso Pl\u00e1stico 10oz 50 Pz. Vaso Foam 10oz 50 Pz. Vaso Pl\u00e1stico 12oz 50 Pz. Vaso Foam Dart 14 Oz 25 Pz. Vaso De Cart\u00f3n Blanco 20oz 50 Pz. Vaso Bajo 3.2oz Natural Jaguar 50 Pz. Vaso T\u00e9rmico 12oz Dart 25 Pz. Vaso Foam 16 Oz [&hellip;]<\/p>\n","protected":false},"featured_media":300,"template":"","meta":[],"product_brand":[],"product_cat":[24],"product_tag":[],"class_list":{"0":"post-299","1":"product","2":"type-product","3":"status-publish","4":"has-post-thumbnail","6":"product_cat-desechables-regulares","8":"first","9":"instock","10":"shipping-taxable","11":"product-type-simple"},"_links":{"self":[{"href":"https:\/\/cafepasquini.com\/index.php\/wp-json\/wp\/v2\/product\/299","targetHints":{"allow":["GET"]}}],"collection":[{"href":"https:\/\/cafepasquini.com\/index.php\/wp-json\/wp\/v2\/product"}],"about":[{"href":"https:\/\/cafepasquini.com\/index.php\/wp-json\/wp\/v2\/types\/product"}],"wp:featuredmedia":[{"embeddable":true,"href":"https:\/\/cafepasquini.com\/index.php\/wp-json\/wp\/v2\/media\/300"}],"wp:attachment":[{"href":"https:\/\/cafepasquini.com\/index.php\/wp-json\/wp\/v2\/media?parent=299"}],"wp:term":[{"taxonomy":"product_brand","embeddable":true,"href":"https:\/\/cafepasquini.com\/index.php\/wp-json\/wp\/v2\/product_brand?post=299"},{"taxonomy":"product_cat","embeddable":true,"href":"https:\/\/cafepasquini.com\/index.php\/wp-json\/wp\/v2\/product_cat?post=299"},{"taxonomy":"product_tag","embeddable":true,"href":"https:\/\/cafepasquini.com\/index.php\/wp-json\/wp\/v2\/product_tag?post=299"}],"curies":[{"name":"wp","href":"https:\/\/api.w.org\/{rel}","templated":true}]}}