{"id":233,"date":"2019-05-22T19:32:19","date_gmt":"2019-05-22T19:32:19","guid":{"rendered":"https:\/\/cafepasquini.com\/?page_id=233"},"modified":"2019-05-28T19:58:43","modified_gmt":"2019-05-28T19:58:43","slug":"cursos-para-baristas","status":"publish","type":"page","link":"https:\/\/cafepasquini.com\/index.php\/cursos-para-baristas\/","title":{"rendered":"CURSOS PARA BARISTAS"},"content":{"rendered":"<p>[et_pb_section bb_built=\u00bb1&#8243; disabled_on=\u00bboff|off|on\u00bb _builder_version=\u00bb3.15&#8243; background_image=\u00bbhttps:\/\/cafepasquini.com\/wp-content\/uploads\/2019\/05\/BARISTA-FONDO.jpg\u00bb parallax=\u00bbon\u00bb custom_padding=\u00bb2px|0px|0|0px|false|false\u00bb next_background_color=\u00bb#ffffff\u00bb][et_pb_row _builder_version=\u00bb3.15&#8243; background_size=\u00bbinitial\u00bb background_position=\u00bbtop_left\u00bb background_repeat=\u00bbrepeat\u00bb animation_style=\u00bbzoom\u00bb][et_pb_column type=\u00bb4_4&#8243;][et_pb_text _builder_version=\u00bb3.15&#8243; text_text_color=\u00bb#000000&#8243; header_text_color=\u00bb#000000&#8243;]<\/p>\n<p style=\"text-align: center;\"><img loading=\"lazy\" decoding=\"async\" class=\"alignnone size-medium wp-image-239\" src=\"https:\/\/cafepasquini.com\/wp-content\/uploads\/2019\/05\/CURSO-LOGO-300x295.png\" alt=\"\" width=\"300\" height=\"295\" srcset=\"https:\/\/cafepasquini.com\/wp-content\/uploads\/2019\/05\/CURSO-LOGO-300x295.png 300w, https:\/\/cafepasquini.com\/wp-content\/uploads\/2019\/05\/CURSO-LOGO-600x590.png 600w, https:\/\/cafepasquini.com\/wp-content\/uploads\/2019\/05\/CURSO-LOGO-768x755.png 768w, https:\/\/cafepasquini.com\/wp-content\/uploads\/2019\/05\/CURSO-LOGO-1024x1007.png 1024w, https:\/\/cafepasquini.com\/wp-content\/uploads\/2019\/05\/CURSO-LOGO-1080x1062.png 1080w, https:\/\/cafepasquini.com\/wp-content\/uploads\/2019\/05\/CURSO-LOGO.png 1086w\" sizes=\"auto, (max-width: 300px) 100vw, 300px\" \/><\/p>\n<h1 style=\"text-align: center;\">TEMARIO<\/h1>\n<p style=\"text-align: center;\"><img loading=\"lazy\" decoding=\"async\" class=\" wp-image-240 aligncenter\" src=\"https:\/\/cafepasquini.com\/wp-content\/uploads\/2019\/05\/DIVISOR-NGO-300x43.png\" alt=\"\" width=\"202\" height=\"29\" srcset=\"https:\/\/cafepasquini.com\/wp-content\/uploads\/2019\/05\/DIVISOR-NGO-300x43.png 300w, https:\/\/cafepasquini.com\/wp-content\/uploads\/2019\/05\/DIVISOR-NGO.png 359w\" sizes=\"auto, (max-width: 202px) 100vw, 202px\" \/><\/p>\n<p>[\/et_pb_text][\/et_pb_column][\/et_pb_row][et_pb_row custom_padding=\u00bb0|0px|0|0px|false|false\u00bb _builder_version=\u00bb3.15&#8243; background_size=\u00bbinitial\u00bb background_position=\u00bbtop_left\u00bb background_repeat=\u00bbrepeat\u00bb animation_style=\u00bbslide\u00bb animation_direction=\u00bbbottom\u00bb][et_pb_column type=\u00bb1_3&#8243;][et_pb_image src=\u00bbhttps:\/\/cafepasquini.com\/wp-content\/uploads\/2019\/05\/1.png\u00bb _builder_version=\u00bb3.15&#8243;]<\/p>\n<p>&nbsp;<\/p>\n<p>[\/et_pb_image][et_pb_image src=\u00bbhttps:\/\/cafepasquini.com\/wp-content\/uploads\/2019\/05\/2a.png\u00bb _builder_version=\u00bb3.15&#8243;]<\/p>\n<p>&nbsp;<\/p>\n<p>[\/et_pb_image][et_pb_image src=\u00bbhttps:\/\/cafepasquini.com\/wp-content\/uploads\/2019\/05\/3a.png\u00bb _builder_version=\u00bb3.15&#8243;]<\/p>\n<p>&nbsp;<\/p>\n<p>[\/et_pb_image][et_pb_image src=\u00bbhttps:\/\/cafepasquini.com\/wp-content\/uploads\/2019\/05\/4a.png\u00bb _builder_version=\u00bb3.15&#8243;]<\/p>\n<p>&nbsp;<\/p>\n<p>[\/et_pb_image][et_pb_image src=\u00bbhttps:\/\/cafepasquini.com\/wp-content\/uploads\/2019\/05\/5a.png\u00bb _builder_version=\u00bb3.15&#8243;]<\/p>\n<p>&nbsp;<\/p>\n<p>[\/et_pb_image][et_pb_image src=\u00bbhttps:\/\/cafepasquini.com\/wp-content\/uploads\/2019\/05\/6a.png\u00bb _builder_version=\u00bb3.15&#8243;]<\/p>\n<p>&nbsp;<\/p>\n<p>[\/et_pb_image][et_pb_image src=\u00bbhttps:\/\/cafepasquini.com\/wp-content\/uploads\/2019\/05\/7a-1.png\u00bb _builder_version=\u00bb3.15&#8243;]<\/p>\n<p>&nbsp;<\/p>\n<p>[\/et_pb_image][et_pb_image src=\u00bbhttps:\/\/cafepasquini.com\/wp-content\/uploads\/2019\/05\/8.png\u00bb _builder_version=\u00bb3.15&#8243;]<\/p>\n<p>&nbsp;<\/p>\n<p>[\/et_pb_image][\/et_pb_column][et_pb_column type=\u00bb1_3&#8243;][\/et_pb_column][et_pb_column type=\u00bb1_3&#8243;][\/et_pb_column][\/et_pb_row][\/et_pb_section][et_pb_section bb_built=\u00bb1&#8243; disabled_on=\u00bbon|on|off\u00bb _builder_version=\u00bb3.15&#8243; background_image=\u00bbhttps:\/\/cafepasquini.com\/wp-content\/uploads\/2019\/05\/BARISTA-FONDO.jpg\u00bb parallax=\u00bbon\u00bb custom_padding=\u00bb2px|0px|0|0px|false|false\u00bb prev_background_color=\u00bb#ffffff\u00bb next_background_color=\u00bb#2d1300&#8243;][et_pb_row _builder_version=\u00bb3.15&#8243; background_size=\u00bbinitial\u00bb background_position=\u00bbtop_left\u00bb background_repeat=\u00bbrepeat\u00bb animation_style=\u00bbzoom\u00bb][et_pb_column type=\u00bb4_4&#8243;][et_pb_text _builder_version=\u00bb3.15&#8243; text_text_color=\u00bb#000000&#8243; header_text_color=\u00bb#000000&#8243;]<\/p>\n<p style=\"text-align: center;\"><img loading=\"lazy\" decoding=\"async\" class=\"alignnone size-medium wp-image-239\" src=\"https:\/\/cafepasquini.com\/wp-content\/uploads\/2019\/05\/CURSO-LOGO-300x295.png\" alt=\"\" width=\"300\" height=\"295\" srcset=\"https:\/\/cafepasquini.com\/wp-content\/uploads\/2019\/05\/CURSO-LOGO-300x295.png 300w, https:\/\/cafepasquini.com\/wp-content\/uploads\/2019\/05\/CURSO-LOGO-600x590.png 600w, https:\/\/cafepasquini.com\/wp-content\/uploads\/2019\/05\/CURSO-LOGO-768x755.png 768w, https:\/\/cafepasquini.com\/wp-content\/uploads\/2019\/05\/CURSO-LOGO-1024x1007.png 1024w, https:\/\/cafepasquini.com\/wp-content\/uploads\/2019\/05\/CURSO-LOGO-1080x1062.png 1080w, https:\/\/cafepasquini.com\/wp-content\/uploads\/2019\/05\/CURSO-LOGO.png 1086w\" sizes=\"auto, (max-width: 300px) 100vw, 300px\" \/><\/p>\n<h1 style=\"text-align: center;\">TEMARIO<\/h1>\n<p style=\"text-align: center;\"><img loading=\"lazy\" decoding=\"async\" class=\" wp-image-240 aligncenter\" src=\"https:\/\/cafepasquini.com\/wp-content\/uploads\/2019\/05\/DIVISOR-NGO-300x43.png\" alt=\"\" width=\"202\" height=\"29\" srcset=\"https:\/\/cafepasquini.com\/wp-content\/uploads\/2019\/05\/DIVISOR-NGO-300x43.png 300w, https:\/\/cafepasquini.com\/wp-content\/uploads\/2019\/05\/DIVISOR-NGO.png 359w\" sizes=\"auto, (max-width: 202px) 100vw, 202px\" \/><\/p>\n<p>[\/et_pb_text][\/et_pb_column][\/et_pb_row][et_pb_row custom_padding=\u00bb0|0px|0|0px|false|false\u00bb _builder_version=\u00bb3.15&#8243; background_size=\u00bbinitial\u00bb background_position=\u00bbtop_left\u00bb background_repeat=\u00bbrepeat\u00bb animation_style=\u00bbslide\u00bb animation_direction=\u00bbbottom\u00bb][et_pb_column type=\u00bb1_3&#8243;][et_pb_image src=\u00bbhttps:\/\/cafepasquini.com\/wp-content\/uploads\/2019\/05\/1.png\u00bb _builder_version=\u00bb3.15&#8243;]<\/p>\n<p>&nbsp;<\/p>\n<p>[\/et_pb_image][et_pb_image src=\u00bbhttps:\/\/cafepasquini.com\/wp-content\/uploads\/2019\/05\/4a.png\u00bb _builder_version=\u00bb3.15&#8243;]<\/p>\n<p>&nbsp;<\/p>\n<p>[\/et_pb_image][et_pb_image src=\u00bbhttps:\/\/cafepasquini.com\/wp-content\/uploads\/2019\/05\/7a-1.png\u00bb _builder_version=\u00bb3.15&#8243;]<\/p>\n<p>&nbsp;<\/p>\n<p>[\/et_pb_image][\/et_pb_column][et_pb_column type=\u00bb1_3&#8243;][et_pb_image src=\u00bbhttps:\/\/cafepasquini.com\/wp-content\/uploads\/2019\/05\/2a.png\u00bb _builder_version=\u00bb3.15&#8243;]<\/p>\n<p>&nbsp;<\/p>\n<p>[\/et_pb_image][et_pb_image src=\u00bbhttps:\/\/cafepasquini.com\/wp-content\/uploads\/2019\/05\/5a.png\u00bb _builder_version=\u00bb3.15&#8243;]<\/p>\n<p>&nbsp;<\/p>\n<p>[\/et_pb_image][et_pb_image src=\u00bbhttps:\/\/cafepasquini.com\/wp-content\/uploads\/2019\/05\/8.png\u00bb _builder_version=\u00bb3.15&#8243;]<\/p>\n<p>&nbsp;<\/p>\n<p>[\/et_pb_image][\/et_pb_column][et_pb_column type=\u00bb1_3&#8243;][et_pb_image src=\u00bbhttps:\/\/cafepasquini.com\/wp-content\/uploads\/2019\/05\/3a.png\u00bb _builder_version=\u00bb3.15&#8243;]<\/p>\n<p>&nbsp;<\/p>\n<p>[\/et_pb_image][et_pb_image src=\u00bbhttps:\/\/cafepasquini.com\/wp-content\/uploads\/2019\/05\/6a.png\u00bb _builder_version=\u00bb3.15&#8243;]<\/p>\n<p>&nbsp;<\/p>\n<p>[\/et_pb_image][\/et_pb_column][\/et_pb_row][\/et_pb_section][et_pb_section bb_built=\u00bb1&#8243; module_id=\u00bbcontacto_1&#8243; _builder_version=\u00bb3.15&#8243; background_color=\u00bb#2d1300&#8243; custom_padding=\u00bb0|0px|0|0px|false|false\u00bb prev_background_color=\u00bb#ffffff\u00bb next_background_color=\u00bb#e8b400&#8243;][et_pb_row custom_padding=\u00bb25px|0px|27px|0px|false|false\u00bb _builder_version=\u00bb3.15&#8243; background_size=\u00bbinitial\u00bb background_position=\u00bbtop_left\u00bb background_repeat=\u00bbrepeat\u00bb][et_pb_column type=\u00bb4_4&#8243;][et_pb_text _builder_version=\u00bb3.15&#8243; background_layout=\u00bbdark\u00bb]<\/p>\n<h2 style=\"text-align: center;\"><strong>CONTACTO Y SUCURSALES<\/strong><\/h2>\n<p style=\"text-align: center;\"><img loading=\"lazy\" decoding=\"async\" class=\"alignnone wp-image-52\" src=\"https:\/\/cafepasquini.com\/wp-content\/uploads\/2019\/05\/DIVISOR-BCO-300x43.png\" alt=\"\" width=\"167\" height=\"24\" srcset=\"https:\/\/cafepasquini.com\/wp-content\/uploads\/2019\/05\/DIVISOR-BCO-300x43.png 300w, https:\/\/cafepasquini.com\/wp-content\/uploads\/2019\/05\/DIVISOR-BCO.png 359w\" sizes=\"auto, (max-width: 167px) 100vw, 167px\" \/><\/p>\n<p style=\"text-align: center;\">\u00a1Ll\u00e1manos para agendar cita!<\/p>\n<p style=\"font-weight: 400; text-align: center;\">Con gusto programaremos tu capacitaci\u00f3n.<br \/>\n*Curso s\u00f3lo disponible en Tijuana y Ensenada.<\/p>\n<p>[\/et_pb_text][et_pb_contact_form custom_message=\u00bbSOLICITUD DE INFORMACI\u00d3N: | Nombre: %%name%% | Correo electr\u00f3nico: %%email%% | Tel\u00e9fono: %%phone%% | Mensaje: %%message%%\u00bb success_message=\u00bb\u00a1Gracias por contactarnos, en breve le responderemos!\u00bb submit_button_text=\u00bbEnviar\u00bb module_id=\u00bbet_pb_contact_form_0&#8243; _builder_version=\u00bb3.15&#8243; custom_button=\u00bbon\u00bb button_text_color=\u00bb#ffffff\u00bb button_border_color=\u00bb#ffffff\u00bb email=\u00bbinfo@cafepasquini.com,marqueting@cafepasquini.com\u00bb][et_pb_contact_field field_id=\u00bbName\u00bb field_title=\u00bbNombre\u00bb _builder_version=\u00bb3.15&#8243;][\/et_pb_contact_field][et_pb_contact_field field_id=\u00bbEmail\u00bb field_title=\u00bbCorreo\u00bb field_type=\u00bbemail\u00bb _builder_version=\u00bb3.15&#8243;][\/et_pb_contact_field][et_pb_contact_field field_id=\u00bbPhone\u00bb field_title=\u00bbTel\u00e9fono\u00bb field_type=\u00bbemail\u00bb _builder_version=\u00bb3.15&#8243;][\/et_pb_contact_field][et_pb_contact_field field_id=\u00bbMessage\u00bb field_title=\u00bbMensaje\u00bb field_type=\u00bbtext\u00bb fullwidth_field=\u00bbon\u00bb _builder_version=\u00bb3.15&#8243;][\/et_pb_contact_field][\/et_pb_contact_form][\/et_pb_column][\/et_pb_row][\/et_pb_section][et_pb_section bb_built=\u00bb1&#8243; _builder_version=\u00bb3.15&#8243; background_color=\u00bb#e8b400&#8243; custom_padding=\u00bb0|0px|0|0px|false|false\u00bb prev_background_color=\u00bb#2d1300&#8243;][et_pb_row custom_padding=\u00bb27px|0px|16px|0px|false|false\u00bb _builder_version=\u00bb3.0.48&#8243; background_size=\u00bbinitial\u00bb background_position=\u00bbtop_left\u00bb background_repeat=\u00bbrepeat\u00bb][et_pb_column type=\u00bb1_2&#8243;][et_pb_text _builder_version=\u00bb3.15&#8243; text_text_color=\u00bb#000000&#8243; header_text_color=\u00bb#000000&#8243; border_color_all=\u00bb#000000&#8243;]<\/p>\n<h1><strong>MATRIZ TIJUANA<\/strong><\/h1>\n<p>LUN &#8211; VIER 9:00 AM\u00a0 A 6:00 PM \/ S\u00c1B &#8211; 9:00 AM A 2:00 PM CALLE PICO DE ORIZABA #4461, FRACC, MORENO, TIJUANA B.C C.P 22105<\/p>\n<h3><span style=\"color: #000000;\">T\u00c9L: (664) 621 7417 Y 622 0233<\/span><\/h3>\n<p>[\/et_pb_text][\/et_pb_column][et_pb_column type=\u00bb1_2&#8243;][et_pb_text _builder_version=\u00bb3.15&#8243; text_text_color=\u00bb#000000&#8243; header_text_color=\u00bb#000000&#8243; border_color_all=\u00bb#000000&#8243;]<\/p>\n<h1><strong>ENSENADA<\/strong><\/h1>\n<p>LUN &#8211; VIER 8:00 AM A 5:00 PM \/ S\u00c1B &#8211; 8:00 AM A 1:00 PM AV. BLANCARTE 860, CENTRO 8 Y 9 COL. CENTRO, ENSENADA B.C, C.P 22800<\/p>\n<h3><span style=\"color: #0c0c0c;\">T\u00c9L: (646) 178 2524<\/span><\/h3>\n<p>[\/et_pb_text][\/et_pb_column][\/et_pb_row][\/et_pb_section]<\/p>\n","protected":false},"excerpt":{"rendered":"<p>[et_pb_section bb_built=\u00bb1&#8243; disabled_on=\u00bboff|off|on\u00bb _builder_version=\u00bb3.15&#8243; background_image=\u00bbhttps:\/\/cafepasquini.com\/wp-content\/uploads\/2019\/05\/BARISTA-FONDO.jpg\u00bb parallax=\u00bbon\u00bb custom_padding=\u00bb2px|0px|0|0px|false|false\u00bb next_background_color=\u00bb#ffffff\u00bb][et_pb_row _builder_version=\u00bb3.15&#8243; background_size=\u00bbinitial\u00bb background_position=\u00bbtop_left\u00bb background_repeat=\u00bbrepeat\u00bb animation_style=\u00bbzoom\u00bb][et_pb_column type=\u00bb4_4&#8243;][et_pb_text _builder_version=\u00bb3.15&#8243; text_text_color=\u00bb#000000&#8243; header_text_color=\u00bb#000000&#8243;] TEMARIO [\/et_pb_text][\/et_pb_column][\/et_pb_row][et_pb_row custom_padding=\u00bb0|0px|0|0px|false|false\u00bb _builder_version=\u00bb3.15&#8243; background_size=\u00bbinitial\u00bb background_position=\u00bbtop_left\u00bb background_repeat=\u00bbrepeat\u00bb animation_style=\u00bbslide\u00bb animation_direction=\u00bbbottom\u00bb][et_pb_column type=\u00bb1_3&#8243;][et_pb_image src=\u00bbhttps:\/\/cafepasquini.com\/wp-content\/uploads\/2019\/05\/1.png\u00bb _builder_version=\u00bb3.15&#8243;] &nbsp; [\/et_pb_image][et_pb_image src=\u00bbhttps:\/\/cafepasquini.com\/wp-content\/uploads\/2019\/05\/2a.png\u00bb _builder_version=\u00bb3.15&#8243;] &nbsp; [\/et_pb_image][et_pb_image src=\u00bbhttps:\/\/cafepasquini.com\/wp-content\/uploads\/2019\/05\/3a.png\u00bb _builder_version=\u00bb3.15&#8243;] &nbsp; [\/et_pb_image][et_pb_image src=\u00bbhttps:\/\/cafepasquini.com\/wp-content\/uploads\/2019\/05\/4a.png\u00bb _builder_version=\u00bb3.15&#8243;] &nbsp; [\/et_pb_image][et_pb_image src=\u00bbhttps:\/\/cafepasquini.com\/wp-content\/uploads\/2019\/05\/5a.png\u00bb _builder_version=\u00bb3.15&#8243;] &nbsp; [\/et_pb_image][et_pb_image src=\u00bbhttps:\/\/cafepasquini.com\/wp-content\/uploads\/2019\/05\/6a.png\u00bb _builder_version=\u00bb3.15&#8243;] &nbsp; [\/et_pb_image][et_pb_image src=\u00bbhttps:\/\/cafepasquini.com\/wp-content\/uploads\/2019\/05\/7a-1.png\u00bb _builder_version=\u00bb3.15&#8243;] &nbsp; [\/et_pb_image][et_pb_image [&hellip;]<\/p>\n","protected":false},"author":1,"featured_media":0,"parent":0,"menu_order":0,"comment_status":"closed","ping_status":"closed","template":"","meta":{"footnotes":""},"class_list":["post-233","page","type-page","status-publish","hentry"],"_links":{"self":[{"href":"https:\/\/cafepasquini.com\/index.php\/wp-json\/wp\/v2\/pages\/233","targetHints":{"allow":["GET"]}}],"collection":[{"href":"https:\/\/cafepasquini.com\/index.php\/wp-json\/wp\/v2\/pages"}],"about":[{"href":"https:\/\/cafepasquini.com\/index.php\/wp-json\/wp\/v2\/types\/page"}],"author":[{"embeddable":true,"href":"https:\/\/cafepasquini.com\/index.php\/wp-json\/wp\/v2\/users\/1"}],"replies":[{"embeddable":true,"href":"https:\/\/cafepasquini.com\/index.php\/wp-json\/wp\/v2\/comments?post=233"}],"version-history":[{"count":18,"href":"https:\/\/cafepasquini.com\/index.php\/wp-json\/wp\/v2\/pages\/233\/revisions"}],"predecessor-version":[{"id":412,"href":"https:\/\/cafepasquini.com\/index.php\/wp-json\/wp\/v2\/pages\/233\/revisions\/412"}],"wp:attachment":[{"href":"https:\/\/cafepasquini.com\/index.php\/wp-json\/wp\/v2\/media?parent=233"}],"curies":[{"name":"wp","href":"https:\/\/api.w.org\/{rel}","templated":true}]}}